{"id":3734,"date":"2021-09-09T12:42:46","date_gmt":"2021-09-09T11:42:46","guid":{"rendered":"https:\/\/eenvoudigfactureren.be\/info\/?page_id=3734"},"modified":"2021-09-09T12:57:26","modified_gmt":"2021-09-09T11:57:26","slug":"sepa-domiciliering","status":"publish","type":"page","link":"https:\/\/eenvoudigfactureren.be\/info\/help\/sepa-domiciliering\/","title":{"rendered":"SEPA-domicili\u00ebring"},"content":{"rendered":"<div class=\"wrap-container60\">\n<div class=\"container\">\n<div class=\"row\">\n<div class=\"col-sm-12 reading-text\">\n<p><img loading=\"lazy\" decoding=\"async\" src=\"https:\/\/eenvoudigfactureren.be\/info\/wp-content\/uploads\/2021\/09\/sepa-direct-debit-logo-e1631188141361.png\" alt=\"\" width=\"120\" height=\"66\" class=\"aligncenter size-full wp-image-3765\" \/><\/p>\n<h3>Wat is een SEPA-domicili\u00ebring?<\/h3>\n<p>Een SEPA-domicili\u00ebring is een Europese domicili\u00ebring die sinds 2014 de Belgische domicili\u00ebring vervangt. Sindsdien moeten alle overschrijvingen en domicili\u00ebringen aan de SEPA (Single Euro Payments Area) normen voldoen. Sinds de invoering van de SEPA-domicili\u00ebring worden domicili\u00ebringen niet meer door de bank maar door uzelf als leverancier beheerd.<\/p>\n<p>Via een SEPA-domicili\u00ebring kunt u rechtstreeks de betaling voor een factuur aan uw klant aanvragen bij uw bank. De betaling wordt dan rechtstreeks uitgevoerd zonder verdere tussenkomst van de klant. Een SEPA-domicili\u00ebring wordt aangevraagd door een bestand met alle betalingen aan te leveren bij uw bank of betalingsprovider.<\/p>\n<p>Elke SEPA-domicili\u00ebring is gekoppeld aan een mandaat (akkoord klant) en deze mandaten worden door uzelf als leveranciers aangemaakt en beheerd.<\/p>\n<p>SEPA-domicili\u00ebringsbestanden kunnen worden aangemaakt in EenvoudigFactureren door de module &#8220;SEPA-domicili\u00ebring&#8221; te activeren op de &#8220;Modules&#8221;-pagina.<\/p>\n<p><img loading=\"lazy\" decoding=\"async\" src=\"https:\/\/eenvoudigfactureren.be\/info\/wp-content\/uploads\/2021\/09\/sepa_module.png\" alt=\"\" width=\"300\" height=\"114\" class=\"aligncenter size-full wp-image-3735\" srcset=\"https:\/\/eenvoudigfactureren.be\/info\/wp-content\/uploads\/2021\/09\/sepa_module.png 498w, https:\/\/eenvoudigfactureren.be\/info\/wp-content\/uploads\/2021\/09\/sepa_module-300x114.png 300w\" sizes=\"auto, (max-width: 300px) 85vw, 300px\" \/><\/p>\n<p>Het activeren van deze module is enkel mogelijk met een <a href=\"\/info\/help\/pakketten\/\" title=\"Beschikbare pakketten\">Professional<\/a>-pakket of hoger.<\/p>\n<p><em>Interessant om te weten: Via de <a href=\"https:\/\/eenvoudigfactureren.be\/info\/help\/koppelingen\/mollie\/\">Mollie-koppeling<\/a> kunt u ook domicili\u00ebringen uitvoeren zonder dat u hiervoor een contract bij de bank of een afzonderlijk mandaat bij de klant dient af te sluiten.<\/em><\/p>\n<\/div>\n<\/div>\n<\/div>\n<\/div>\n<div class=\"wrap-container60 border-bottom bg-grey\">\n<div class=\"container\">\n<div class=\"row\">\n<h3>SEPA-domicili\u00ebring opzetten<\/h3>\n<p>Om een SEPA-domicili\u00ebring op te kunnen zetten gaat u eerst langs bij uw bank of betalingsprovider. Met uw bank start u een contract voor SEPA-domicili\u00ebringen op en dan kunt u de module activeren via de &#8220;Modules&#8221;-pagina.<\/p>\n<p>Geef het nummer van het contract bij uw bank in na activatie van de module. Afhankelijk van het type van de overeenkomst geeft u als type &#8220;CORE&#8221; of &#8220;B2B&#8221; in.<\/p>\n<p><img loading=\"lazy\" decoding=\"async\" src=\"https:\/\/eenvoudigfactureren.be\/info\/wp-content\/uploads\/2021\/09\/sepa_instellingen.png\" alt=\"\" width=\"600\" height=\"295\" class=\"aligncenter size-full wp-image-3737\" srcset=\"https:\/\/eenvoudigfactureren.be\/info\/wp-content\/uploads\/2021\/09\/sepa_instellingen.png 946w, https:\/\/eenvoudigfactureren.be\/info\/wp-content\/uploads\/2021\/09\/sepa_instellingen-300x147.png 300w, https:\/\/eenvoudigfactureren.be\/info\/wp-content\/uploads\/2021\/09\/sepa_instellingen-768x378.png 768w\" sizes=\"auto, (max-width: 600px) 85vw, 600px\" \/><\/p>\n<p>Ook uw bedrijfsnaam en IBAN bij de &#8220;Instellingen&#8221; > &#8220;Bedrijfsgegevens&#8221; moeten verplicht aanwezig zijn om verder te kunnen gaan.<\/p>\n<h4>Klanten activeren<\/h4>\n<p>Eenmaal de module correct werd geactiveerd kunt u klanten activeren waarvoor een mandaat werd afgesloten. Het mandaat voor een klant wordt los van EenvoudigFactureren beheerd. Een mandaat kunt u aanmaken door een mandaat-formulier op te maken en te laten ondertekenen door de klant. Bij het afsluiten van het contract bij uw bank kunt u een standaard formulier voor een mandaat aanvragen.<\/p>\n<p>Een voorbeeld-formulier kunt u hier downloaden: <a href=\"https:\/\/eenvoudigfactureren.be\/info\/wp-content\/uploads\/2021\/09\/AA0784_Mandaat_SDD_Core_ndl.docx\">CORE Mandaat formulier<\/a> \/ <a href=\"https:\/\/eenvoudigfactureren.be\/info\/wp-content\/uploads\/2021\/09\/AA0785_Mandaat_SDD_B2B_ndl.docx\">B2B Mandaat formulier<\/a><\/p>\n<p>Als type betaling dient u steeds een &#8220;terugkerende invordering&#8221; te gebruiken. Een eenmalige invordering wordt namelijk niet ondersteund door EenvoudigFactureren.<\/p>\n<p>Werd het mandaat opgemaakt en ondertekend door de klant dan kunt u SEPA-domicili\u00ebringen activeren voor de klant door in het klantenonderdeel de klant aan te maken of bij te werken. In het blok &#8220;SEPA-domicili\u00ebring&#8221; vult u de datum en referte van het mandaat in samen met de IBAN van de klant.<\/p>\n<p><img loading=\"lazy\" decoding=\"async\" src=\"https:\/\/eenvoudigfactureren.be\/info\/wp-content\/uploads\/2021\/09\/sepa_klant-1024x391.png\" alt=\"\" width=\"600\" height=\"229\" class=\"aligncenter size-large wp-image-3744\" srcset=\"https:\/\/eenvoudigfactureren.be\/info\/wp-content\/uploads\/2021\/09\/sepa_klant-1024x391.png 1024w, https:\/\/eenvoudigfactureren.be\/info\/wp-content\/uploads\/2021\/09\/sepa_klant-300x115.png 300w, https:\/\/eenvoudigfactureren.be\/info\/wp-content\/uploads\/2021\/09\/sepa_klant-768x293.png 768w, https:\/\/eenvoudigfactureren.be\/info\/wp-content\/uploads\/2021\/09\/sepa_klant-1200x458.png 1200w, https:\/\/eenvoudigfactureren.be\/info\/wp-content\/uploads\/2021\/09\/sepa_klant.png 1204w\" sizes=\"auto, (max-width: 600px) 85vw, 600px\" \/><\/p>\n<p>Staat de bankrekening op een andere naam dan deze zoals beschikbaar bij de klantgegevens dan kunt u ook een afwijkende naam opgeven. Optioneel geeft u ook de BIC op maar dit is enkel nodig voor specifieke situaties.<\/p>\n<\/div>\n<\/div>\n<\/div>\n<div class=\"wrap-container60 border-bottom\">\n<div class=\"container\">\n<div class=\"row\">\n<h3>Domicili\u00ebringsopdracht aanmaken<\/h3>\n<p>Eenmaal de mandaten voor de klanten werden toegevoegd kan een domicili\u00ebringsopdracht worden aangemaakt. Via de domicili\u00ebringsopdracht kunt u een domici\u00ebringsbestand downloaden om op te laden bij uw bank of betalingsprovider.<\/p>\n<p>Maak eerst de facturen aan waarvoor de betaling moet worden uitgevoerd. Het domici\u00ebringsbestand zal het openstaande bedrag van elke factuur opvragen. Enkel voor klanten waarvoor het SEPA-mandaat werd geactiveerd worden opgenomen in het domici\u00ebringsbestand.<\/p>\n<p><em>Opmerking: Voordat de domicili\u00ebring wordt uitgevoerd dient u uw klant op de hoogte te brengen dat de betaling zal worden uitgevoerd. Dit kan bijv. door de factuur aan de klant aan te leveren met vermelding dat de betaling via domicili\u00ebring zal worden uitgevoerd.<\/em><\/p>\n<p>Ga naar het factuuroverzicht en klik op &#8220;Meer acties&#8221; > &#8220;Domicili\u00ebringsopdrachten&#8221; om de domicili\u00ebringsopdracht op te starten.<\/p>\n<p><img loading=\"lazy\" decoding=\"async\" src=\"https:\/\/eenvoudigfactureren.be\/info\/wp-content\/uploads\/2021\/09\/sepa_opdracht.png\" alt=\"\" width=\"200\" height=\"113\" class=\"aligncenter size-full wp-image-3751\" srcset=\"https:\/\/eenvoudigfactureren.be\/info\/wp-content\/uploads\/2021\/09\/sepa_opdracht.png 385w, https:\/\/eenvoudigfactureren.be\/info\/wp-content\/uploads\/2021\/09\/sepa_opdracht-300x169.png 300w\" sizes=\"auto, (max-width: 200px) 85vw, 200px\" \/><\/p>\n<p>Standaard worden enkel openstaande facturen opgenomen die reeds werden verzonden of afgedrukt. Pas de filter aan om een andere selectie te krijgen.<\/p>\n<p><img loading=\"lazy\" decoding=\"async\" src=\"https:\/\/eenvoudigfactureren.be\/info\/wp-content\/uploads\/2021\/09\/sepa_opdracht_aanmaken-1024x362.png\" alt=\"\" width=\"600\" height=\"212\" class=\"aligncenter size-large wp-image-3753\" srcset=\"https:\/\/eenvoudigfactureren.be\/info\/wp-content\/uploads\/2021\/09\/sepa_opdracht_aanmaken-1024x362.png 1024w, https:\/\/eenvoudigfactureren.be\/info\/wp-content\/uploads\/2021\/09\/sepa_opdracht_aanmaken-300x106.png 300w, https:\/\/eenvoudigfactureren.be\/info\/wp-content\/uploads\/2021\/09\/sepa_opdracht_aanmaken-768x272.png 768w, https:\/\/eenvoudigfactureren.be\/info\/wp-content\/uploads\/2021\/09\/sepa_opdracht_aanmaken.png 1153w\" sizes=\"auto, (max-width: 600px) 85vw, 600px\" \/><\/p>\n<p>Een factuur zal standaard slechts 1x worden opgenomen in een domicili\u00ebringsbestand. Wenst u facturen toch nog opnieuw op te nemen kunt u &#8220;Facturen meenemen die reeds voordien in een domicili\u00ebringsopdracht werden opgenomen&#8221; aanvinken.<\/p>\n<p><img loading=\"lazy\" decoding=\"async\" src=\"https:\/\/eenvoudigfactureren.be\/info\/wp-content\/uploads\/2021\/09\/sepa-aanmaken-1024x620.png\" alt=\"\" width=\"600\" height=\"364\" class=\"aligncenter size-large wp-image-3761\" srcset=\"https:\/\/eenvoudigfactureren.be\/info\/wp-content\/uploads\/2021\/09\/sepa-aanmaken-1024x620.png 1024w, https:\/\/eenvoudigfactureren.be\/info\/wp-content\/uploads\/2021\/09\/sepa-aanmaken-300x182.png 300w, https:\/\/eenvoudigfactureren.be\/info\/wp-content\/uploads\/2021\/09\/sepa-aanmaken-768x465.png 768w, https:\/\/eenvoudigfactureren.be\/info\/wp-content\/uploads\/2021\/09\/sepa-aanmaken.png 1142w\" sizes=\"auto, (max-width: 600px) 85vw, 600px\" \/><\/p>\n<p>Voor de gevonden facturen kunt u aan domicili\u00ebringsopdracht opstarten. Geef eerst een inningsdatum op die minstens enkele dagen in de toekomst ligt. De inningsdatum is de datum waarop de bank de betaling zal uitvoeren bij uw klant.<\/p>\n<p>Klik op &#8220;Domicili\u00ebringsopdracht aanmaken&#8221; om een domicili\u00ebringsbestand aan te maken waarin de facturen werden opgenomen.<\/p>\n<p><img loading=\"lazy\" decoding=\"async\" src=\"https:\/\/eenvoudigfactureren.be\/info\/wp-content\/uploads\/2021\/09\/sepa-status-1024x629.png\" alt=\"\" width=\"600\" height=\"369\" class=\"aligncenter size-large wp-image-3763\" srcset=\"https:\/\/eenvoudigfactureren.be\/info\/wp-content\/uploads\/2021\/09\/sepa-status-1024x629.png 1024w, https:\/\/eenvoudigfactureren.be\/info\/wp-content\/uploads\/2021\/09\/sepa-status-300x184.png 300w, https:\/\/eenvoudigfactureren.be\/info\/wp-content\/uploads\/2021\/09\/sepa-status-768x471.png 768w, https:\/\/eenvoudigfactureren.be\/info\/wp-content\/uploads\/2021\/09\/sepa-status.png 1147w\" sizes=\"auto, (max-width: 600px) 85vw, 600px\" \/><\/p>\n<p>Eenmaal de domicili\u00ebringsopdracht werd uitgevoerd kunt u het XML-bestand downloaden en aanleveren aan uw bank.<\/p>\n<\/div>\n<\/div>\n<\/div>\n","protected":false},"excerpt":{"rendered":"<p>Wat is een SEPA-domicili\u00ebring? Een SEPA-domicili\u00ebring is een Europese domicili\u00ebring die sinds 2014 de Belgische domicili\u00ebring vervangt. Sindsdien moeten alle overschrijvingen en domicili\u00ebringen aan de SEPA (Single Euro Payments Area) normen voldoen. Sinds de invoering van de SEPA-domicili\u00ebring worden domicili\u00ebringen niet meer door de bank maar door uzelf als leverancier beheerd. Via een SEPA-domicili\u00ebring kunt &hellip; <a href=\"https:\/\/eenvoudigfactureren.be\/info\/help\/sepa-domiciliering\/\" class=\"more-link\">Lees verder<span class=\"screen-reader-text\"> &#8220;SEPA-domicili\u00ebring&#8221;<\/span><\/a><\/p>\n","protected":false},"author":1,"featured_media":0,"parent":404,"menu_order":0,"comment_status":"closed","ping_status":"closed","template":"","meta":{"inline_featured_image":false,"footnotes":""},"class_list":["post-3734","page","type-page","status-publish","hentry","wpautop"],"yoast_head":"<!-- This site is optimized with the Yoast SEO plugin v27.1.1 - https:\/\/yoast.com\/product\/yoast-seo-wordpress\/ -->\n<title>SEPA-domicili\u00ebring<\/title>\n<meta name=\"robots\" content=\"index, follow, max-snippet:-1, max-image-preview:large, max-video-preview:-1\" \/>\n<link rel=\"canonical\" href=\"https:\/\/eenvoudigfactureren.be\/info\/help\/sepa-domiciliering\/\" \/>\n<meta property=\"og:locale\" content=\"nl_BE\" \/>\n<meta property=\"og:type\" content=\"article\" \/>\n<meta property=\"og:title\" content=\"SEPA-domicili\u00ebring\" \/>\n<meta property=\"og:description\" content=\"Wat is een SEPA-domicili\u00ebring? Een SEPA-domicili\u00ebring is een Europese domicili\u00ebring die sinds 2014 de Belgische domicili\u00ebring vervangt. Sindsdien moeten alle overschrijvingen en domicili\u00ebringen aan de SEPA (Single Euro Payments Area) normen voldoen. Sinds de invoering van de SEPA-domicili\u00ebring worden domicili\u00ebringen niet meer door de bank maar door uzelf als leverancier beheerd. Via een SEPA-domicili\u00ebring kunt &hellip; Lees verder &quot;SEPA-domicili\u00ebring&quot;\" \/>\n<meta property=\"og:url\" content=\"https:\/\/eenvoudigfactureren.be\/info\/help\/sepa-domiciliering\/\" \/>\n<meta property=\"og:site_name\" content=\"EenvoudigFactureren\" \/>\n<meta property=\"article:modified_time\" content=\"2021-09-09T11:57:26+00:00\" \/>\n<meta property=\"og:image\" content=\"https:\/\/eenvoudigfactureren.be\/info\/wp-content\/uploads\/2021\/09\/sepa-direct-debit-logo-e1631188141361.png\" \/>\n<meta name=\"twitter:card\" content=\"summary_large_image\" \/>\n<meta name=\"twitter:label1\" content=\"Geschatte leestijd\" \/>\n\t<meta name=\"twitter:data1\" content=\"4 minuten\" \/>\n<script type=\"application\/ld+json\" class=\"yoast-schema-graph\">{\"@context\":\"https:\/\/schema.org\",\"@graph\":[{\"@type\":\"WebPage\",\"@id\":\"https:\/\/eenvoudigfactureren.be\/info\/help\/sepa-domiciliering\/\",\"url\":\"https:\/\/eenvoudigfactureren.be\/info\/help\/sepa-domiciliering\/\",\"name\":\"SEPA-domicili\u00ebring\",\"isPartOf\":{\"@id\":\"https:\/\/eenvoudigfactureren.be\/info\/#website\"},\"primaryImageOfPage\":{\"@id\":\"https:\/\/eenvoudigfactureren.be\/info\/help\/sepa-domiciliering\/#primaryimage\"},\"image\":{\"@id\":\"https:\/\/eenvoudigfactureren.be\/info\/help\/sepa-domiciliering\/#primaryimage\"},\"thumbnailUrl\":\"https:\/\/eenvoudigfactureren.be\/info\/wp-content\/uploads\/2021\/09\/sepa-direct-debit-logo-e1631188141361.png\",\"datePublished\":\"2021-09-09T11:42:46+00:00\",\"dateModified\":\"2021-09-09T11:57:26+00:00\",\"breadcrumb\":{\"@id\":\"https:\/\/eenvoudigfactureren.be\/info\/help\/sepa-domiciliering\/#breadcrumb\"},\"inLanguage\":\"nl-BE\",\"potentialAction\":[{\"@type\":\"ReadAction\",\"target\":[\"https:\/\/eenvoudigfactureren.be\/info\/help\/sepa-domiciliering\/\"]}]},{\"@type\":\"ImageObject\",\"inLanguage\":\"nl-BE\",\"@id\":\"https:\/\/eenvoudigfactureren.be\/info\/help\/sepa-domiciliering\/#primaryimage\",\"url\":\"https:\/\/eenvoudigfactureren.be\/info\/wp-content\/uploads\/2021\/09\/sepa-direct-debit-logo-e1631188141361.png\",\"contentUrl\":\"https:\/\/eenvoudigfactureren.be\/info\/wp-content\/uploads\/2021\/09\/sepa-direct-debit-logo-e1631188141361.png\",\"width\":120,\"height\":66},{\"@type\":\"BreadcrumbList\",\"@id\":\"https:\/\/eenvoudigfactureren.be\/info\/help\/sepa-domiciliering\/#breadcrumb\",\"itemListElement\":[{\"@type\":\"ListItem\",\"position\":1,\"name\":\"Home\",\"item\":\"https:\/\/eenvoudigfactureren.be\/info\/\"},{\"@type\":\"ListItem\",\"position\":2,\"name\":\"Help\",\"item\":\"https:\/\/eenvoudigfactureren.be\/info\/help\/\"},{\"@type\":\"ListItem\",\"position\":3,\"name\":\"SEPA-domicili\u00ebring\"}]},{\"@type\":\"WebSite\",\"@id\":\"https:\/\/eenvoudigfactureren.be\/info\/#website\",\"url\":\"https:\/\/eenvoudigfactureren.be\/info\/\",\"name\":\"EenvoudigFactureren\",\"description\":\"Online facturatie\",\"potentialAction\":[{\"@type\":\"SearchAction\",\"target\":{\"@type\":\"EntryPoint\",\"urlTemplate\":\"https:\/\/eenvoudigfactureren.be\/info\/?s={search_term_string}\"},\"query-input\":{\"@type\":\"PropertyValueSpecification\",\"valueRequired\":true,\"valueName\":\"search_term_string\"}}],\"inLanguage\":\"nl-BE\"}]}<\/script>\n<!-- \/ Yoast SEO plugin. -->","yoast_head_json":{"title":"SEPA-domicili\u00ebring","robots":{"index":"index","follow":"follow","max-snippet":"max-snippet:-1","max-image-preview":"max-image-preview:large","max-video-preview":"max-video-preview:-1"},"canonical":"https:\/\/eenvoudigfactureren.be\/info\/help\/sepa-domiciliering\/","og_locale":"nl_BE","og_type":"article","og_title":"SEPA-domicili\u00ebring","og_description":"Wat is een SEPA-domicili\u00ebring? Een SEPA-domicili\u00ebring is een Europese domicili\u00ebring die sinds 2014 de Belgische domicili\u00ebring vervangt. Sindsdien moeten alle overschrijvingen en domicili\u00ebringen aan de SEPA (Single Euro Payments Area) normen voldoen. Sinds de invoering van de SEPA-domicili\u00ebring worden domicili\u00ebringen niet meer door de bank maar door uzelf als leverancier beheerd. Via een SEPA-domicili\u00ebring kunt &hellip; Lees verder \"SEPA-domicili\u00ebring\"","og_url":"https:\/\/eenvoudigfactureren.be\/info\/help\/sepa-domiciliering\/","og_site_name":"EenvoudigFactureren","article_modified_time":"2021-09-09T11:57:26+00:00","og_image":[{"url":"https:\/\/eenvoudigfactureren.be\/info\/wp-content\/uploads\/2021\/09\/sepa-direct-debit-logo-e1631188141361.png","type":"","width":"","height":""}],"twitter_card":"summary_large_image","twitter_misc":{"Geschatte leestijd":"4 minuten"},"schema":{"@context":"https:\/\/schema.org","@graph":[{"@type":"WebPage","@id":"https:\/\/eenvoudigfactureren.be\/info\/help\/sepa-domiciliering\/","url":"https:\/\/eenvoudigfactureren.be\/info\/help\/sepa-domiciliering\/","name":"SEPA-domicili\u00ebring","isPartOf":{"@id":"https:\/\/eenvoudigfactureren.be\/info\/#website"},"primaryImageOfPage":{"@id":"https:\/\/eenvoudigfactureren.be\/info\/help\/sepa-domiciliering\/#primaryimage"},"image":{"@id":"https:\/\/eenvoudigfactureren.be\/info\/help\/sepa-domiciliering\/#primaryimage"},"thumbnailUrl":"https:\/\/eenvoudigfactureren.be\/info\/wp-content\/uploads\/2021\/09\/sepa-direct-debit-logo-e1631188141361.png","datePublished":"2021-09-09T11:42:46+00:00","dateModified":"2021-09-09T11:57:26+00:00","breadcrumb":{"@id":"https:\/\/eenvoudigfactureren.be\/info\/help\/sepa-domiciliering\/#breadcrumb"},"inLanguage":"nl-BE","potentialAction":[{"@type":"ReadAction","target":["https:\/\/eenvoudigfactureren.be\/info\/help\/sepa-domiciliering\/"]}]},{"@type":"ImageObject","inLanguage":"nl-BE","@id":"https:\/\/eenvoudigfactureren.be\/info\/help\/sepa-domiciliering\/#primaryimage","url":"https:\/\/eenvoudigfactureren.be\/info\/wp-content\/uploads\/2021\/09\/sepa-direct-debit-logo-e1631188141361.png","contentUrl":"https:\/\/eenvoudigfactureren.be\/info\/wp-content\/uploads\/2021\/09\/sepa-direct-debit-logo-e1631188141361.png","width":120,"height":66},{"@type":"BreadcrumbList","@id":"https:\/\/eenvoudigfactureren.be\/info\/help\/sepa-domiciliering\/#breadcrumb","itemListElement":[{"@type":"ListItem","position":1,"name":"Home","item":"https:\/\/eenvoudigfactureren.be\/info\/"},{"@type":"ListItem","position":2,"name":"Help","item":"https:\/\/eenvoudigfactureren.be\/info\/help\/"},{"@type":"ListItem","position":3,"name":"SEPA-domicili\u00ebring"}]},{"@type":"WebSite","@id":"https:\/\/eenvoudigfactureren.be\/info\/#website","url":"https:\/\/eenvoudigfactureren.be\/info\/","name":"EenvoudigFactureren","description":"Online facturatie","potentialAction":[{"@type":"SearchAction","target":{"@type":"EntryPoint","urlTemplate":"https:\/\/eenvoudigfactureren.be\/info\/?s={search_term_string}"},"query-input":{"@type":"PropertyValueSpecification","valueRequired":true,"valueName":"search_term_string"}}],"inLanguage":"nl-BE"}]}},"_links":{"self":[{"href":"https:\/\/eenvoudigfactureren.be\/info\/wp-json\/wp\/v2\/pages\/3734","targetHints":{"allow":["GET"]}}],"collection":[{"href":"https:\/\/eenvoudigfactureren.be\/info\/wp-json\/wp\/v2\/pages"}],"about":[{"href":"https:\/\/eenvoudigfactureren.be\/info\/wp-json\/wp\/v2\/types\/page"}],"author":[{"embeddable":true,"href":"https:\/\/eenvoudigfactureren.be\/info\/wp-json\/wp\/v2\/users\/1"}],"replies":[{"embeddable":true,"href":"https:\/\/eenvoudigfactureren.be\/info\/wp-json\/wp\/v2\/comments?post=3734"}],"version-history":[{"count":17,"href":"https:\/\/eenvoudigfactureren.be\/info\/wp-json\/wp\/v2\/pages\/3734\/revisions"}],"predecessor-version":[{"id":3773,"href":"https:\/\/eenvoudigfactureren.be\/info\/wp-json\/wp\/v2\/pages\/3734\/revisions\/3773"}],"up":[{"embeddable":true,"href":"https:\/\/eenvoudigfactureren.be\/info\/wp-json\/wp\/v2\/pages\/404"}],"wp:attachment":[{"href":"https:\/\/eenvoudigfactureren.be\/info\/wp-json\/wp\/v2\/media?parent=3734"}],"curies":[{"name":"wp","href":"https:\/\/api.w.org\/{rel}","templated":true}]}}