{"id":2280,"date":"2019-04-12T09:47:57","date_gmt":"2019-04-12T08:47:57","guid":{"rendered":"https:\/\/eenvoudigfactureren.be\/info\/?page_id=2280"},"modified":"2020-12-29T12:57:40","modified_gmt":"2020-12-29T11:57:40","slug":"email-templates","status":"publish","type":"page","link":"https:\/\/eenvoudigfactureren.be\/info\/email-templates\/","title":{"rendered":"E-mail teksten"},"content":{"rendered":"<div class=\"wrap-container60\">\n<div class=\"container\">\n<div class=\"row\">\n<div class=\"col-sm-12 reading-text\">\n<p>Om een factuur (of ander document) via e-mail te verzenden voegt u een begeleidende tekst toe. Zo kunt u aan uw klant de reden van uw factuur verder toelichten. Via de <img loading=\"lazy\" decoding=\"async\" src=\"\/info\/wp-content\/uploads\/2016\/10\/template_selecteren.png\" alt=\"Tekst selecteren\" width=\"36\" height=\"36\" class=\"size-full wp-image-1171\" \/> knop kunt u kiezen uit een aantal standaard teksten.<\/p>\n<p><img loading=\"lazy\" decoding=\"async\" src=\"\/info\/wp-content\/uploads\/2018\/05\/email_verzenden.png\" alt=\"\" width=\"510\" height=\"360\" class=\"aligncenter size-full wp-image-1699\" srcset=\"https:\/\/eenvoudigfactureren.be\/info\/wp-content\/uploads\/2018\/05\/email_verzenden.png 510w, https:\/\/eenvoudigfactureren.be\/info\/wp-content\/uploads\/2018\/05\/email_verzenden-300x212.png 300w\" sizes=\"auto, (max-width: 510px) 85vw, 510px\" \/><\/p>\n<p>Standaard zijn enkele Nederlangstalige e-mail templates voorzien. Werkt u met anderstalige klanten dan kunt u ook per taal een andere begeleidende tekst toevoegen. Deze nieuwe teksten kunt u als nieuwe e-mail tekst toevoegen via &#8220;Instellingen&#8221; > &#8220;E-mail instellingen&#8221; > &#8220;E-mail teksten&#8221;.<\/p>\n<p><img loading=\"lazy\" decoding=\"async\" src=\"https:\/\/eenvoudigfactureren.be\/info\/wp-content\/uploads\/2019\/03\/email_instellingen_templates-1.png\" alt=\"Email instellingen\" width=\"872\" height=\"459\" class=\"aligncenter size-full wp-image-2229\" srcset=\"https:\/\/eenvoudigfactureren.be\/info\/wp-content\/uploads\/2019\/03\/email_instellingen_templates-1.png 872w, https:\/\/eenvoudigfactureren.be\/info\/wp-content\/uploads\/2019\/03\/email_instellingen_templates-1-300x158.png 300w, https:\/\/eenvoudigfactureren.be\/info\/wp-content\/uploads\/2019\/03\/email_instellingen_templates-1-768x404.png 768w\" sizes=\"auto, (max-width: 709px) 85vw, (max-width: 909px) 67vw, (max-width: 1362px) 62vw, 840px\" \/><\/p>\n<p>Hieronder vindt u de standaard voorziene e-mail teksten terug met hun Franse en Engelse vertaling. Deze kunt u gebruiken als nieuwe e-mail tekst of gebruiken als basis en aanpassen waar nodig.\n<\/p><\/div>\n<\/div>\n<\/div>\n<\/div>\n<div class=\"wrap-container60 bg-grey\">\n<div class=\"container\">\n<div class=\"row\">\n<div class=\"col-sm-12 reading-text\">\n<h3>Documenten (Facturen, Creditnota&#8217;s, &#8230;)<\/h3>\n<h4>Nederlands<\/h4>\n<blockquote><p>\nBeste %client-name-attention%,<\/p>\n<p>In bijlage vindt u uw %document-type% terug.<\/p>\n<p>Met vriendelijke groeten.\n<\/p><\/blockquote>\n<h4>Frans<\/h4>\n<blockquote><p>\nBonjour %client-name-attention%,<\/p>\n<p>En annexe, vous trouverez votre facture.<\/p>\n<p>Cordialement.\n<\/p><\/blockquote>\n<h4>Engels<\/h4>\n<blockquote><p>\nDear %client-name-attention%<\/p>\n<p>Please find attached your invoice.<\/p>\n<p>Best regards\n<\/p><\/blockquote>\n<\/div>\n<\/div>\n<\/div>\n<\/div>\n<div class=\"wrap-container60\">\n<div class=\"container\">\n<div class=\"row\">\n<div class=\"col-sm-12 reading-text\">\n<h3>Herinneringen<\/h3>\n<h4>Nederlands<\/h4>\n<blockquote><p>\nBeste %client-name-attention%,<\/p>\n<p>Wij willen u erop wijzen dat de betalingstermijn van onze %document-type% met %document-type%nummer %document-number% en vervaldatum %due-date% verstreken is. Helaas hebben wij nog geen betaling van u mogen ontvangen. Wellicht is de %document-type% aan uw aandacht ontsnapt.<\/p>\n<p>Wij verzoeken u het openstaande bedrag van %total-remaining% binnen 7 dagen aan ons over te maken. Wij hebben een kopie van de betreffende %document-type% meegestuurd.<\/p>\n<p>Indien het bedrag inmiddels is overgemaakt dan kunt u deze e-mail uiteraard negeren.<\/p>\n<p>Met vriendelijke groeten,<br \/>\n%sender-name%\n<\/p><\/blockquote>\n<h4>Frans<\/h4>\n<blockquote><p>\nMonsieur, Madame,<\/p>\n<p>Nous attirons votre attention sur le fait que le d\u00e9lai de paiement de notre facture avec num\u00e9ro %document-number% et date d&#8217;\u00e9ch\u00e9ange %due-date% a \u00e9t\u00e9 expir\u00e9. Malheureusement, nous n&#8217;avons pas encore re\u00e7u votre paiement. Peut-\u00eatre que la facture a \u00e9chapp\u00e9 \u00e0 votre attention.<\/p>\n<p>Nous vous prions de nous transf\u00e9rer le solde de %total-remaining% dans un d\u00e9lai de 7 jours. Nous avons envoy\u00e9 une copie de la facture concernant.<\/p>\n<p>Si le montant a \u00e9t\u00e9 transf\u00e9r\u00e9 entre-temps, vous pouvez bien s\u00fbr ignorer cet e-mail.<\/p>\n<p>Bien cordialement,<br \/>\n%sender-name%\n<\/p><\/blockquote>\n<h4>Engels<\/h4>\n<blockquote><p>\nDear %client-name-attention%<\/p>\n<p>Please note that the payment term of our invoice with invoice number %document-number% and expiration date %due-date% has expired. Unfortunately, we have not yet received payment from you. Perhaps the invoice has escaped your attention.<\/p>\n<p>We request you to pay the remaining %total-remaining% within 7 days. A copy of the invoice has been added in attachment.<\/p>\n<p>If you already made the payment you can ignore this e-mail.<\/p>\n<p>Best regards,<br \/>\n%sender-name%\n<\/p><\/blockquote>\n<\/div>\n<\/div>\n<\/div>\n<\/div>\n<div class=\"wrap-container60 bg-grey\">\n<div class=\"container\">\n<div class=\"row\">\n<div class=\"col-sm-12 reading-text\">\n<h3>Tweede herinnering<\/h3>\n<h4>Nederlands<\/h4>\n<blockquote><p>\nBeste %client-name-attention%,<\/p>\n<p>Uit onze administratie is gebleken dat %document-type% met nummer %document-number% na onze eerste herinnering nog steeds niet door u is voldaan. De betalingstermijn is hiermee onaanvaardbaar overschreden.<\/p>\n<p>Wij verzoeken u vriendelijk doch dringend het verschuldigde bedrag van %total-remaining% alsnog zo spoedig mogelijk, doch uiterlijk binnen 5 werkdagen, over te maken op onze rekening met vermelding van het %document-type%nummer.<\/p>\n<p>Indien uw betaling dit schrijven heeft gekruist, dan kunt u deze herinnering negeren. Wij hebben een kopie van de betreffende %document-type% meegestuurd.<\/p>\n<p>Met vriendelijke groet,<br \/>\n%sender-name%\n<\/p><\/blockquote>\n<h4>Frans<\/h4>\n<blockquote><p>\nMonsieur, Madame,<\/p>\n<p>Notre administration a montr\u00e9 que la facture avec num\u00e9ro %document-number% n&#8217;est toujours pas respect\u00e9 par vous apr\u00e8s notre premier rappel. Le d\u00e9lai de paiement a donc \u00e9t\u00e9 d\u00e9pass\u00e9 de mani\u00e8re inacceptable.<\/p>\n<p>Nous vous prions de bien vouloir transf\u00e9rer le plus rapidement possible, mais au plus tard dans un d\u00e9lai de 5 jours ouvrables, le montant d\u00fb de %total-remaining% sur notre compte en indiquant le num\u00e9ro de facture.<\/p>\n<p>Si votre paiement a crois\u00e9 cette lettre, vous pouvez ignorer ce rappel. Nous avons envoy\u00e9 une copie de la facture concernant.<\/p>\n<p>Bien cordialement,<br \/>\n%sender-name%\n<\/p><\/blockquote>\n<h4>Engels<\/h4>\n<blockquote><p>\nDear %client-name-attention%<\/p>\n<p>Our administration has shown that invoice with invoice number %document-number% has still not been paid by you after our first reminder. The payment term has therefore been unacceptably exceeded.<\/p>\n<p>We kindly but urgently request you to transfer the amount owed of %total-remaining% as soon as possible, but within 5 working days at the latest, to our account, stating the invoice number.<\/p>\n<p>If your payment has crossed this letter, you can ignore this reminder. We have added a copy of the relevant invoice in attachment.<\/p>\n<p>Best regards,<br \/>\n%sender-name%\n<\/p><\/blockquote>\n<\/div>\n<\/div>\n<\/div>\n<\/div>\n<div class=\"wrap-container60\">\n<div class=\"container\">\n<div class=\"row\">\n<div class=\"col-sm-12 reading-text\">\n<h3>Aanmaning (rente)<\/h3>\n<h4>Nederlands<\/h4>\n<blockquote><p>\nBeste %client-name-attention%,<\/p>\n<p>Ondanks eerdere herinneringen hebben wij uw betaling van %document-type% %document-number% nog niet mogen ontvangen.<br \/>\nWij verzoeken u met klem het verschuldigde bedrag van %total-remaining% onmiddellijk en uiterlijk binnen 5 dagen over te maken op onze rekening onder vermelding van het %document-type%nummer.<\/p>\n<p>Mocht uw betaling wederom uitblijven, dan zijn wij genoodzaakt het factuurbedrag te verhogen met de wettelijke rente.<\/p>\n<p>Indien het bedrag inmiddels is overgemaakt dan kunt u deze e-mail negeren.<\/p>\n<p>Met de meeste hoogachting,<br \/>\n%sender-name%\n<\/p><\/blockquote>\n<h4>Frans<\/h4>\n<blockquote><p>\nMonsieur, Madame,<\/p>\n<p>Malgr\u00e9 les rappels pr\u00e9c\u00e9dents, nous n&#8217;avons pas encore re\u00e7u votre paiement de facture %document-number%.<br \/>\nNous vous prions instamment de virer imm\u00e9diatement et au plus tard dans les 5 jours sur notre compte le montant d\u00fb pour de %total-remaining% en indiquant le num\u00e9ro de facture.<\/p>\n<p>Si votre paiement n&#8217;est pas effectu\u00e9 \u00e0 nouveau, nous sommes oblig\u00e9s d&#8217;augmenter le montant de la facture du taux d&#8217;int\u00e9r\u00eat l\u00e9gal.<\/p>\n<p>Si le montant a \u00e9t\u00e9 transf\u00e9r\u00e9 entre-temps, vous pouvez ignorer cet e-mail.<\/p>\n<p>Veuillez agr\u00e9er, Monsieur, Madame, l&#8217;assurance de ma consid\u00e9ration distingu\u00e9e,<br \/>\n%sender-name%\n<\/p><\/blockquote>\n<h4>Engels<\/h4>\n<blockquote><p>\nDear %client-name-attention%<\/p>\n<p>Despite previous reminders, we have not yet received your payment of invoice %document-number%.<br \/>\nWe urge you to transfer the amount due of %total-remaining% immediately and at the latest within 5 days to our account, stating the invoice number.<\/p>\n<p>Should you again fail to pay, we will be obliged to increase the invoice amount by the statutory interest rate.<\/p>\n<p>If the amount has already been transferred, you can ignore this e-mail.<\/p>\n<p>Sincerely,<br \/>\n%sender-name%\n<\/p><\/blockquote>\n<\/div>\n<\/div>\n<\/div>\n<\/div>\n<div class=\"wrap-container60 bg-grey\">\n<div class=\"container\">\n<div class=\"row\">\n<div class=\"col-sm-12 reading-text\">\n<h3>Aanmaning (incasso)<\/h3>\n<h4>Nederlands<\/h4>\n<blockquote><p>\nBeste %client-name-attention%,<\/p>\n<p>Ondanks eerdere herinneringen hebben wij uw betaling van %document-type% %document-number% nog niet mogen ontvangen.<br \/>\nWij verzoeken u met klem het verschuldigde bedrag van %total-remaining% onmiddellijk en uiterlijk binnen 5 dagen over te maken op onze rekening onder vermelding van het %document-type%nummer.<\/p>\n<p>Indien wij het vervallen bedrag niet binnen 7 dagen ontvangen hebben zijn wij genoodzaakt de vordering definitief uit handen te geven.<br \/>\nU zult aansprakelijk worden gesteld voor alle daaruit voortvloeiende renten en incassokosten. Maar wij vertrouwen erop dat u het niet zo ver zal laten komen.<\/p>\n<p>Indien het bedrag inmiddels is overgemaakt dan kunt u deze e-mail negeren.<\/p>\n<p>Met de meeste hoogachting,<br \/>\n%sender-name%\n<\/p><\/blockquote>\n<h4>Frans<\/h4>\n<blockquote><p>\nMonsieur, Madame,<\/p>\n<p>Malgr\u00e9 les rappels pr\u00e9c\u00e9dents, nous n&#8217;avons pas encore re\u00e7u votre paiement de facture %document-number%.<br \/>\nNous vous prions instamment de virer imm\u00e9diatement et au plus tard dans les 5 jours sur notre compte le montant d\u00fb pour de %total-remaining% en indiquant le num\u00e9ro de facture.<\/p>\n<p>Si nous n&#8217;avons pas re\u00e7u le montant d\u00fb dans les 7 jours, nous sommes oblig\u00e9s de renoncer d\u00e9finitivement \u00e0 la cr\u00e9ance.<br \/>\nVous serez tenu responsable de tous les int\u00e9r\u00eats et frais d&#8217;encaissement qui en r\u00e9sultent. Mais nous esp\u00e9rons que vous emp\u00eacherez une telle situation.<\/p>\n<p>Si le montant a \u00e9t\u00e9 transf\u00e9r\u00e9 entre-temps, vous pouvez ignorer cet e-mail.<\/p>\n<p>Veuillez agr\u00e9er, Monsieur, Madame, l&#8217;assurance de ma consid\u00e9ration distingu\u00e9e,<br \/>\n%sender-name%\n<\/p><\/blockquote>\n<h4>Engels<\/h4>\n<blockquote><p>\nDear %client-name-attention%<\/p>\n<p>Despite previous reminders, we have not yet received your payment of invoice %document-number%.<br \/>\nWe urge you to transfer the amount due of %total-remaining% immediately and at the latest within 5 days to our account, stating the invoice number.<\/p>\n<p>If we have not received the amount due within 7 days, we are obliged to hand over the claim definitively.<br \/>\nYou will be held liable for all resulting interest and collection costs. However, we trust that you will not allow this to happen.<\/p>\n<p>If the amount has already been transferred, you can ignore this e-mail.<\/p>\n<p>Sincerely,<br \/>\n%sender-name%\n<\/p><\/blockquote>\n<\/div>\n<\/div>\n<\/div>\n<\/div>\n<div class=\"wrap-container60 border-bottom\">\n<div class=\"container\">\n<div class=\"row\">\n<div class=\"col-sm-12 reading-text text-center\" style=\"margin-bottom: 1em;\">\n<h3>Meer informatie rond<\/h3>\n<p>\t\t\t\t<a href=\"info\/emails-versturen\" class=\"btn-custom btn-large\">E-mails versturen<\/a>\n\t\t\t<\/div>\n<\/p><\/div>\n<\/p><\/div>\n<\/div>\n","protected":false},"excerpt":{"rendered":"<p>Om een factuur (of ander document) via e-mail te verzenden voegt u een begeleidende tekst toe. Zo kunt u aan uw klant de reden van uw factuur verder toelichten. Via de knop kunt u kiezen uit een aantal standaard teksten. Standaard zijn enkele Nederlangstalige e-mail templates voorzien. Werkt u met anderstalige klanten dan kunt u &hellip; <a href=\"https:\/\/eenvoudigfactureren.be\/info\/email-templates\/\" class=\"more-link\">Lees verder<span class=\"screen-reader-text\"> &#8220;E-mail teksten&#8221;<\/span><\/a><\/p>\n","protected":false},"author":1,"featured_media":0,"parent":0,"menu_order":0,"comment_status":"closed","ping_status":"closed","template":"","meta":{"inline_featured_image":false,"footnotes":""},"class_list":["post-2280","page","type-page","status-publish","hentry","wpautop"],"yoast_head":"<!-- This site is optimized with the Yoast SEO plugin v27.1.1 - https:\/\/yoast.com\/product\/yoast-seo-wordpress\/ -->\n<title>E-mail teksten<\/title>\n<meta name=\"robots\" content=\"index, follow, max-snippet:-1, max-image-preview:large, max-video-preview:-1\" \/>\n<link rel=\"canonical\" href=\"https:\/\/eenvoudigfactureren.be\/info\/email-templates\/\" \/>\n<meta property=\"og:locale\" content=\"nl_BE\" \/>\n<meta property=\"og:type\" content=\"article\" \/>\n<meta property=\"og:title\" content=\"E-mail teksten\" \/>\n<meta property=\"og:description\" content=\"Om een factuur (of ander document) via e-mail te verzenden voegt u een begeleidende tekst toe. Zo kunt u aan uw klant de reden van uw factuur verder toelichten. Via de knop kunt u kiezen uit een aantal standaard teksten. Standaard zijn enkele Nederlangstalige e-mail templates voorzien. Werkt u met anderstalige klanten dan kunt u &hellip; Lees verder &quot;E-mail teksten&quot;\" \/>\n<meta property=\"og:url\" content=\"https:\/\/eenvoudigfactureren.be\/info\/email-templates\/\" \/>\n<meta property=\"og:site_name\" content=\"EenvoudigFactureren\" \/>\n<meta property=\"article:modified_time\" content=\"2020-12-29T11:57:40+00:00\" \/>\n<meta property=\"og:image\" content=\"https:\/\/eenvoudigfactureren.be\/info\/wp-content\/uploads\/2019\/03\/email_instellingen_templates-1.png\" \/>\n<meta name=\"twitter:card\" content=\"summary_large_image\" \/>\n<meta name=\"twitter:label1\" content=\"Geschatte leestijd\" \/>\n\t<meta name=\"twitter:data1\" content=\"6 minuten\" \/>\n<script type=\"application\/ld+json\" class=\"yoast-schema-graph\">{\"@context\":\"https:\/\/schema.org\",\"@graph\":[{\"@type\":\"WebPage\",\"@id\":\"https:\/\/eenvoudigfactureren.be\/info\/email-templates\/\",\"url\":\"https:\/\/eenvoudigfactureren.be\/info\/email-templates\/\",\"name\":\"E-mail teksten\",\"isPartOf\":{\"@id\":\"https:\/\/eenvoudigfactureren.be\/info\/#website\"},\"primaryImageOfPage\":{\"@id\":\"https:\/\/eenvoudigfactureren.be\/info\/email-templates\/#primaryimage\"},\"image\":{\"@id\":\"https:\/\/eenvoudigfactureren.be\/info\/email-templates\/#primaryimage\"},\"thumbnailUrl\":\"https:\/\/eenvoudigfactureren.be\/info\/wp-content\/uploads\/2019\/03\/email_instellingen_templates-1.png\",\"datePublished\":\"2019-04-12T08:47:57+00:00\",\"dateModified\":\"2020-12-29T11:57:40+00:00\",\"breadcrumb\":{\"@id\":\"https:\/\/eenvoudigfactureren.be\/info\/email-templates\/#breadcrumb\"},\"inLanguage\":\"nl-BE\",\"potentialAction\":[{\"@type\":\"ReadAction\",\"target\":[\"https:\/\/eenvoudigfactureren.be\/info\/email-templates\/\"]}]},{\"@type\":\"ImageObject\",\"inLanguage\":\"nl-BE\",\"@id\":\"https:\/\/eenvoudigfactureren.be\/info\/email-templates\/#primaryimage\",\"url\":\"https:\/\/eenvoudigfactureren.be\/info\/wp-content\/uploads\/2019\/03\/email_instellingen_templates-1.png\",\"contentUrl\":\"https:\/\/eenvoudigfactureren.be\/info\/wp-content\/uploads\/2019\/03\/email_instellingen_templates-1.png\",\"width\":872,\"height\":459},{\"@type\":\"BreadcrumbList\",\"@id\":\"https:\/\/eenvoudigfactureren.be\/info\/email-templates\/#breadcrumb\",\"itemListElement\":[{\"@type\":\"ListItem\",\"position\":1,\"name\":\"Home\",\"item\":\"https:\/\/eenvoudigfactureren.be\/info\/\"},{\"@type\":\"ListItem\",\"position\":2,\"name\":\"E-mail teksten\"}]},{\"@type\":\"WebSite\",\"@id\":\"https:\/\/eenvoudigfactureren.be\/info\/#website\",\"url\":\"https:\/\/eenvoudigfactureren.be\/info\/\",\"name\":\"EenvoudigFactureren\",\"description\":\"Online facturatie\",\"potentialAction\":[{\"@type\":\"SearchAction\",\"target\":{\"@type\":\"EntryPoint\",\"urlTemplate\":\"https:\/\/eenvoudigfactureren.be\/info\/?s={search_term_string}\"},\"query-input\":{\"@type\":\"PropertyValueSpecification\",\"valueRequired\":true,\"valueName\":\"search_term_string\"}}],\"inLanguage\":\"nl-BE\"}]}<\/script>\n<!-- \/ Yoast SEO plugin. -->","yoast_head_json":{"title":"E-mail teksten","robots":{"index":"index","follow":"follow","max-snippet":"max-snippet:-1","max-image-preview":"max-image-preview:large","max-video-preview":"max-video-preview:-1"},"canonical":"https:\/\/eenvoudigfactureren.be\/info\/email-templates\/","og_locale":"nl_BE","og_type":"article","og_title":"E-mail teksten","og_description":"Om een factuur (of ander document) via e-mail te verzenden voegt u een begeleidende tekst toe. Zo kunt u aan uw klant de reden van uw factuur verder toelichten. Via de knop kunt u kiezen uit een aantal standaard teksten. Standaard zijn enkele Nederlangstalige e-mail templates voorzien. Werkt u met anderstalige klanten dan kunt u &hellip; Lees verder \"E-mail teksten\"","og_url":"https:\/\/eenvoudigfactureren.be\/info\/email-templates\/","og_site_name":"EenvoudigFactureren","article_modified_time":"2020-12-29T11:57:40+00:00","og_image":[{"url":"https:\/\/eenvoudigfactureren.be\/info\/wp-content\/uploads\/2019\/03\/email_instellingen_templates-1.png","type":"","width":"","height":""}],"twitter_card":"summary_large_image","twitter_misc":{"Geschatte leestijd":"6 minuten"},"schema":{"@context":"https:\/\/schema.org","@graph":[{"@type":"WebPage","@id":"https:\/\/eenvoudigfactureren.be\/info\/email-templates\/","url":"https:\/\/eenvoudigfactureren.be\/info\/email-templates\/","name":"E-mail teksten","isPartOf":{"@id":"https:\/\/eenvoudigfactureren.be\/info\/#website"},"primaryImageOfPage":{"@id":"https:\/\/eenvoudigfactureren.be\/info\/email-templates\/#primaryimage"},"image":{"@id":"https:\/\/eenvoudigfactureren.be\/info\/email-templates\/#primaryimage"},"thumbnailUrl":"https:\/\/eenvoudigfactureren.be\/info\/wp-content\/uploads\/2019\/03\/email_instellingen_templates-1.png","datePublished":"2019-04-12T08:47:57+00:00","dateModified":"2020-12-29T11:57:40+00:00","breadcrumb":{"@id":"https:\/\/eenvoudigfactureren.be\/info\/email-templates\/#breadcrumb"},"inLanguage":"nl-BE","potentialAction":[{"@type":"ReadAction","target":["https:\/\/eenvoudigfactureren.be\/info\/email-templates\/"]}]},{"@type":"ImageObject","inLanguage":"nl-BE","@id":"https:\/\/eenvoudigfactureren.be\/info\/email-templates\/#primaryimage","url":"https:\/\/eenvoudigfactureren.be\/info\/wp-content\/uploads\/2019\/03\/email_instellingen_templates-1.png","contentUrl":"https:\/\/eenvoudigfactureren.be\/info\/wp-content\/uploads\/2019\/03\/email_instellingen_templates-1.png","width":872,"height":459},{"@type":"BreadcrumbList","@id":"https:\/\/eenvoudigfactureren.be\/info\/email-templates\/#breadcrumb","itemListElement":[{"@type":"ListItem","position":1,"name":"Home","item":"https:\/\/eenvoudigfactureren.be\/info\/"},{"@type":"ListItem","position":2,"name":"E-mail teksten"}]},{"@type":"WebSite","@id":"https:\/\/eenvoudigfactureren.be\/info\/#website","url":"https:\/\/eenvoudigfactureren.be\/info\/","name":"EenvoudigFactureren","description":"Online facturatie","potentialAction":[{"@type":"SearchAction","target":{"@type":"EntryPoint","urlTemplate":"https:\/\/eenvoudigfactureren.be\/info\/?s={search_term_string}"},"query-input":{"@type":"PropertyValueSpecification","valueRequired":true,"valueName":"search_term_string"}}],"inLanguage":"nl-BE"}]}},"_links":{"self":[{"href":"https:\/\/eenvoudigfactureren.be\/info\/wp-json\/wp\/v2\/pages\/2280","targetHints":{"allow":["GET"]}}],"collection":[{"href":"https:\/\/eenvoudigfactureren.be\/info\/wp-json\/wp\/v2\/pages"}],"about":[{"href":"https:\/\/eenvoudigfactureren.be\/info\/wp-json\/wp\/v2\/types\/page"}],"author":[{"embeddable":true,"href":"https:\/\/eenvoudigfactureren.be\/info\/wp-json\/wp\/v2\/users\/1"}],"replies":[{"embeddable":true,"href":"https:\/\/eenvoudigfactureren.be\/info\/wp-json\/wp\/v2\/comments?post=2280"}],"version-history":[{"count":24,"href":"https:\/\/eenvoudigfactureren.be\/info\/wp-json\/wp\/v2\/pages\/2280\/revisions"}],"predecessor-version":[{"id":3310,"href":"https:\/\/eenvoudigfactureren.be\/info\/wp-json\/wp\/v2\/pages\/2280\/revisions\/3310"}],"wp:attachment":[{"href":"https:\/\/eenvoudigfactureren.be\/info\/wp-json\/wp\/v2\/media?parent=2280"}],"curies":[{"name":"wp","href":"https:\/\/api.w.org\/{rel}","templated":true}]}}